{"id":1729,"date":"2021-09-28T06:25:05","date_gmt":"2021-09-28T06:25:05","guid":{"rendered":"https:\/\/www.lwwwwa.lv\/?page_id=1729"},"modified":"2021-09-28T06:25:05","modified_gmt":"2021-09-28T06:25:05","slug":"informativs-materials","status":"publish","type":"page","link":"https:\/\/www.lwwwwa.lv\/en\/informativs-materials\/","title":{"rendered":"Informat\u012bvs materi\u0101ls"},"content":{"rendered":"<p>SPRK regul\u0113to komersantu apmierin\u0101t\u012bbas p\u0113t\u012bjuma aptaujas rezult\u0101ti 2021. gada j\u016blijs-augusts &#8211; <a href=\"https:\/\/www.lwwwwa.lv\/wp-content\/uploads\/2021\/09\/SPRK_uznemeji_25_08_2021_.pdf\">skat\u012bt<\/a><\/p>\n","protected":false},"excerpt":{"rendered":"<p>SPRK regul\u0113to komersantu apmierin\u0101t\u012bbas p\u0113t\u012bjuma aptaujas rezult\u0101ti 2021. gada j\u016blijs-augusts &#8211; skat\u012bt<\/p>\n","protected":false},"author":58,"featured_media":0,"parent":0,"menu_order":18,"comment_status":"closed","ping_status":"closed","template":"member-page-tabs.php","meta":{"_acf_changed":false,"inline_featured_image":false,"footnotes":""},"class_list":["post-1729","page","type-page","status-publish","hentry"],"acf":[],"aioseo_notices":[],"_links":{"self":[{"href":"https:\/\/www.lwwwwa.lv\/en\/wp-json\/wp\/v2\/pages\/1729","targetHints":{"allow":["GET"]}}],"collection":[{"href":"https:\/\/www.lwwwwa.lv\/en\/wp-json\/wp\/v2\/pages"}],"about":[{"href":"https:\/\/www.lwwwwa.lv\/en\/wp-json\/wp\/v2\/types\/page"}],"author":[{"embeddable":true,"href":"https:\/\/www.lwwwwa.lv\/en\/wp-json\/wp\/v2\/users\/58"}],"replies":[{"embeddable":true,"href":"https:\/\/www.lwwwwa.lv\/en\/wp-json\/wp\/v2\/comments?post=1729"}],"version-history":[{"count":1,"href":"https:\/\/www.lwwwwa.lv\/en\/wp-json\/wp\/v2\/pages\/1729\/revisions"}],"predecessor-version":[{"id":1732,"href":"https:\/\/www.lwwwwa.lv\/en\/wp-json\/wp\/v2\/pages\/1729\/revisions\/1732"}],"wp:attachment":[{"href":"https:\/\/www.lwwwwa.lv\/en\/wp-json\/wp\/v2\/media?parent=1729"}],"curies":[{"name":"wp","href":"https:\/\/api.w.org\/{rel}","templated":true}]}}